{"id":53,"date":"2019-10-25T17:09:01","date_gmt":"2019-10-25T17:09:01","guid":{"rendered":"http:\/\/conseilsformation.com\/?page_id=53"},"modified":"2021-12-06T11:55:18","modified_gmt":"2021-12-06T11:55:18","slug":"bts-ndrc-reussir-lepreuve-pratique-e5-relation-client-et-digitalisation","status":"publish","type":"page","link":"https:\/\/conseilsformation.com\/?page_id=53","title":{"rendered":"BTS NDRC -BTS MCO-BAC PRO AGORA et GA"},"content":{"rendered":"<p style=\"text-align: center;\"><img loading=\"lazy\" decoding=\"async\" class=\" wp-image-7 aligncenter\" src=\"http:\/\/conseilsformation.com\/wp-content\/uploads\/2019\/07\/logo.png\" alt=\"\" width=\"319\" height=\"91\" \/><\/p>\n<p style=\"text-align: center;\"><img loading=\"lazy\" decoding=\"async\" class=\"alignnone wp-image-32\" src=\"http:\/\/conseilsformation.com\/wp-content\/uploads\/2019\/07\/digital-1300x435-300x100.png\" alt=\"\" width=\"414\" height=\"138\" srcset=\"https:\/\/conseilsformation.com\/wp-content\/uploads\/2019\/07\/digital-1300x435-300x100.png 300w, https:\/\/conseilsformation.com\/wp-content\/uploads\/2019\/07\/digital-1300x435-600x201.png 600w, https:\/\/conseilsformation.com\/wp-content\/uploads\/2019\/07\/digital-1300x435-768x257.png 768w, https:\/\/conseilsformation.com\/wp-content\/uploads\/2019\/07\/digital-1300x435-1024x343.png 1024w, https:\/\/conseilsformation.com\/wp-content\/uploads\/2019\/07\/digital-1300x435.png 1300w\" sizes=\"(max-width: 414px) 100vw, 414px\" \/><\/p>\n<h3 style=\"text-align: center;\"><img loading=\"lazy\" decoding=\"async\" class=\"alignnone wp-image-49\" src=\"http:\/\/conseilsformation.com\/wp-content\/uploads\/2019\/10\/Signal_attention1-300x264.gif\" alt=\"\" width=\"127\" height=\"112\" \/><strong>Il ne s&#8217;agit pas d&#8217;une formation th\u00e9orique ou l&#8217;on explore tout simplement\u00a0 <\/strong><strong>les onglets des tableaux de bord des CMS WordPress et Prestashop, Odoo, planogramme&#8230;<br \/>\n<\/strong><\/h3>\n<p style=\"text-align: center;\">Nos formations portent\u00a0 sur des TD que vous pouvez exploiter directement avec les \u00e9tudiants.<\/p>\n<p style=\"text-align: center;\"><strong>Les TD r\u00e9pondent aux attentes des comp\u00e9tences et du cahier de charges de l&#8217;\u00e9preuve E5 en BTS NDRC et aux pratiques p\u00e9dagogiques pour les autres BTS<br \/>\n<\/strong><\/p>\n<p style=\"text-align: center;\">Des TD en format responsive ( <strong><a href=\"http:\/\/lecahierdigital.fr\/demo\/mobile\/index.html\" target=\"_blank\" rel=\"noopener noreferrer\">voir exemple<\/a><\/strong>)<\/p>\n<p style=\"text-align: center;\">Une FAQ contenant des tutoriels (<strong> <a href=\"http:\/\/lecahierdigital.fr\/faq-prestashop-page\/\" target=\"_blank\" rel=\"noopener noreferrer\">voir exemple<\/a><\/strong>)<\/p>\n<p style=\"text-align: center;\">Une banque de contextes digitaux et de sujets et grilles d&#8217;\u00e9valuation<\/p>\n<p style=\"text-align: center;\"><img loading=\"lazy\" decoding=\"async\" class=\"size-medium wp-image-13 aligncenter\" src=\"http:\/\/conseilsformation.com\/wp-content\/uploads\/2019\/07\/digital-1160x435-300x113.jpg\" alt=\"\" width=\"300\" height=\"113\" \/><\/p>\n<p style=\"text-align: center;\"><strong>L&#8217;initiation au param\u00e9trage de\u00a0 la Fabrique et la conception\u00a0 de sc\u00e9narios est offerte.<\/strong><\/p>\n<p style=\"text-align: center;\">Une remise de 5 % est accord\u00e9e aux \u00e9tablissements souscripteurs d&#8217;un abonnement \u00e0 la plateforme <a href=\"http:\/\/educintel.com\" target=\"_blank\" rel=\"noopener noreferrer\">EDUCINTEL<\/a><\/p>\n<h2 style=\"text-align: center;\"><a href=\"http:\/\/conseilsformation.com\/sourdani\" target=\"_blank\" rel=\"noopener noreferrer\"><strong>Consultez notre programme<\/strong><\/a><\/h2>\n<p style=\"text-align: center;\">Nous joindre : S.Ourdani\u00a0\u00a0\u00a0 07 49 18 57023\u00a0 \u00a0 \u00a0 \u00a0 \u00a0 \u00a0 \u00a0 \u00a0 \u00a0 \u00a0 \u00a0 \u00a0 \u00a0 \u00a0 \u00a0 \u00a0 \u00a0 \u00a0 \u00a0 \u00a0 \u00a0 \u00a0 \u00a0 \u00a0 \u00a0 \u00a0 \u00a0<strong><a href=\"http:\/\/conseilsformation.com\/?page_id=21\" target=\"_blank\" rel=\"noopener noreferrer\">Par mail\u00a0<\/a><\/strong><\/p>\n","protected":false},"excerpt":{"rendered":"<p>Il ne s&#8217;agit pas d&#8217;une formation th\u00e9orique ou l&#8217;on explore tout simplement\u00a0 les onglets des tableaux de bord des CMS WordPress et Prestashop, Odoo, planogramme&#8230; Nos formations portent\u00a0 sur des TD que vous pouvez exploiter directement avec les \u00e9tudiants. Les TD r\u00e9pondent aux attentes des comp\u00e9tences et du cahier de charges de l&#8217;\u00e9preuve E5 en [&hellip;]<\/p>\n","protected":false},"author":3,"featured_media":0,"parent":0,"menu_order":0,"comment_status":"closed","ping_status":"closed","template":"","meta":{"footnotes":""},"_links":{"self":[{"href":"https:\/\/conseilsformation.com\/index.php?rest_route=\/wp\/v2\/pages\/53"}],"collection":[{"href":"https:\/\/conseilsformation.com\/index.php?rest_route=\/wp\/v2\/pages"}],"about":[{"href":"https:\/\/conseilsformation.com\/index.php?rest_route=\/wp\/v2\/types\/page"}],"author":[{"embeddable":true,"href":"https:\/\/conseilsformation.com\/index.php?rest_route=\/wp\/v2\/users\/3"}],"replies":[{"embeddable":true,"href":"https:\/\/conseilsformation.com\/index.php?rest_route=%2Fwp%2Fv2%2Fcomments&post=53"}],"version-history":[{"count":11,"href":"https:\/\/conseilsformation.com\/index.php?rest_route=\/wp\/v2\/pages\/53\/revisions"}],"predecessor-version":[{"id":119,"href":"https:\/\/conseilsformation.com\/index.php?rest_route=\/wp\/v2\/pages\/53\/revisions\/119"}],"wp:attachment":[{"href":"https:\/\/conseilsformation.com\/index.php?rest_route=%2Fwp%2Fv2%2Fmedia&parent=53"}],"curies":[{"name":"wp","href":"https:\/\/api.w.org\/{rel}","templated":true}]}}